{"id":30,"date":"2025-09-09T16:47:00","date_gmt":"2025-09-09T21:47:00","guid":{"rendered":"https:\/\/cexca.com.co\/?page_id=30"},"modified":"2025-11-21T17:17:55","modified_gmt":"2025-11-21T22:17:55","slug":"contacto","status":"publish","type":"page","link":"https:\/\/cexca.com.co\/en\/contacto\/","title":{"rendered":"Contact"},"content":{"rendered":"\t\t<div data-elementor-type=\"wp-page\" data-elementor-id=\"30\" class=\"elementor elementor-30\" data-elementor-settings=\"{&quot;ha_cmc_init_switcher&quot;:&quot;no&quot;}\" data-elementor-post-type=\"page\">\n\t\t\t\t<div class=\"elementor-element elementor-element-c04d64c e-con-full e-flex e-con e-parent\" data-id=\"c04d64c\" data-element_type=\"container\" data-e-type=\"container\" data-settings=\"{&quot;_ha_eqh_enable&quot;:false}\">\n\t\t\t\t<div class=\"elementor-element elementor-element-535d882 elementor-hidden-mobile elementor-widget elementor-widget-image\" data-id=\"535d882\" data-element_type=\"widget\" data-e-type=\"widget\" data-widget_type=\"image.default\">\n\t\t\t\t\t\t\t\t\t\t\t\t\t\t\t<img fetchpriority=\"high\" decoding=\"async\" width=\"2560\" height=\"588\" src=\"https:\/\/cexca.com.co\/wp-content\/uploads\/2025\/09\/banner-contacto.jpg\" class=\"attachment-full size-full wp-image-220\" alt=\"\" srcset=\"https:\/\/cexca.com.co\/wp-content\/uploads\/2025\/09\/banner-contacto.jpg 2560w, https:\/\/cexca.com.co\/wp-content\/uploads\/2025\/09\/banner-contacto-300x69.jpg 300w, https:\/\/cexca.com.co\/wp-content\/uploads\/2025\/09\/banner-contacto-1024x235.jpg 1024w, https:\/\/cexca.com.co\/wp-content\/uploads\/2025\/09\/banner-contacto-768x176.jpg 768w, https:\/\/cexca.com.co\/wp-content\/uploads\/2025\/09\/banner-contacto-1536x353.jpg 1536w, https:\/\/cexca.com.co\/wp-content\/uploads\/2025\/09\/banner-contacto-2048x470.jpg 2048w\" sizes=\"(max-width: 2560px) 100vw, 2560px\" \/>\t\t\t\t\t\t\t\t\t\t\t\t\t\t\t<\/div>\n\t\t\t\t<div class=\"elementor-element elementor-element-a0b25c6 elementor-hidden-desktop elementor-hidden-tablet elementor-widget elementor-widget-image\" data-id=\"a0b25c6\" data-element_type=\"widget\" data-e-type=\"widget\" data-widget_type=\"image.default\">\n\t\t\t\t\t\t\t\t\t\t\t\t\t\t\t<img decoding=\"async\" width=\"480\" height=\"480\" src=\"https:\/\/cexca.com.co\/wp-content\/uploads\/2025\/09\/banner-movil-1.jpg\" class=\"attachment-full size-full wp-image-219\" alt=\"\" srcset=\"https:\/\/cexca.com.co\/wp-content\/uploads\/2025\/09\/banner-movil-1.jpg 480w, https:\/\/cexca.com.co\/wp-content\/uploads\/2025\/09\/banner-movil-1-300x300.jpg 300w, https:\/\/cexca.com.co\/wp-content\/uploads\/2025\/09\/banner-movil-1-150x150.jpg 150w\" sizes=\"(max-width: 480px) 100vw, 480px\" \/>\t\t\t\t\t\t\t\t\t\t\t\t\t\t\t<\/div>\n\t\t\t\t<\/div>\n\t\t<div class=\"elementor-element elementor-element-fd94025 e-flex e-con-boxed e-con e-parent\" data-id=\"fd94025\" data-element_type=\"container\" data-e-type=\"container\" data-settings=\"{&quot;_ha_eqh_enable&quot;:false}\">\n\t\t\t\t\t<div class=\"e-con-inner\">\n\t\t<div class=\"elementor-element elementor-element-9aae1ad e-con-full e-flex e-con e-child\" data-id=\"9aae1ad\" data-element_type=\"container\" data-e-type=\"container\" data-settings=\"{&quot;_ha_eqh_enable&quot;:false}\">\n\t\t\t\t<div class=\"elementor-element elementor-element-7a42d03 elementor-widget elementor-widget-heading\" data-id=\"7a42d03\" data-element_type=\"widget\" data-e-type=\"widget\" data-widget_type=\"heading.default\">\n\t\t\t\t\t<h2 class=\"elementor-heading-title elementor-size-default\">Cu\u00e9ntanos en qu\u00e9 podemos ayudarte,<\/h2>\t\t\t\t<\/div>\n\t\t\t\t<div class=\"elementor-element elementor-element-1f32f1f elementor-widget elementor-widget-text-editor\" data-id=\"1f32f1f\" data-element_type=\"widget\" data-e-type=\"widget\" data-widget_type=\"text-editor.default\">\n\t\t\t\t\t\t\t\t\t<p>y estaremos contigo en cada paso.<\/p>\t\t\t\t\t\t\t\t<\/div>\n\t\t\t\t<\/div>\n\t\t<div class=\"elementor-element elementor-element-aae6639 e-con-full e-flex e-con e-child\" data-id=\"aae6639\" data-element_type=\"container\" data-e-type=\"container\" data-settings=\"{&quot;_ha_eqh_enable&quot;:false}\">\n\t\t<div class=\"elementor-element elementor-element-189ed75 e-con-full e-flex e-con e-child\" data-id=\"189ed75\" data-element_type=\"container\" data-e-type=\"container\" data-settings=\"{&quot;background_background&quot;:&quot;gradient&quot;,&quot;_ha_eqh_enable&quot;:false}\">\n\t\t\t\t<div class=\"elementor-element elementor-element-4aa967f elementor-button-align-center elementor-widget elementor-widget-form\" data-id=\"4aa967f\" data-element_type=\"widget\" data-e-type=\"widget\" data-settings=\"{&quot;step_next_label&quot;:&quot;Next&quot;,&quot;step_previous_label&quot;:&quot;Previous&quot;,&quot;button_width&quot;:&quot;100&quot;,&quot;step_type&quot;:&quot;number_text&quot;,&quot;step_icon_shape&quot;:&quot;circle&quot;}\" data-widget_type=\"form.default\">\n\t\t\t\t\t\t\t<form class=\"elementor-form\" method=\"post\" name=\"New Form\" aria-label=\"New Form\">\n\t\t\t<input type=\"hidden\" name=\"post_id\" value=\"30\"\/>\n\t\t\t<input type=\"hidden\" name=\"form_id\" value=\"4aa967f\"\/>\n\t\t\t<input type=\"hidden\" name=\"referer_title\" value=\"Contacto - Cexca\" \/>\n\n\t\t\t\t\t\t\t<input type=\"hidden\" name=\"queried_id\" value=\"30\"\/>\n\t\t\t\n\t\t\t<div class=\"elementor-form-fields-wrapper elementor-labels-above\">\n\t\t\t\t\t\t\t\t<div class=\"elementor-field-type-text elementor-field-group elementor-column elementor-field-group-name elementor-col-100 elementor-field-required\">\n\t\t\t\t\t\t\t\t\t\t\t\t\t<input size=\"1\" type=\"text\" name=\"form_fields[name]\" id=\"form-field-name\" class=\"elementor-field elementor-size-sm  elementor-field-textual\" placeholder=\"Nombre y apellidos*\" required=\"required\">\n\t\t\t\t\t\t\t\t\t\t\t<\/div>\n\t\t\t\t\t\t\t\t<div class=\"elementor-field-type-tel elementor-field-group elementor-column elementor-field-group-field_746297d elementor-col-100 elementor-field-required\">\n\t\t\t\t\t\t\t<input size=\"1\" type=\"tel\" name=\"form_fields[field_746297d]\" id=\"form-field-field_746297d\" class=\"elementor-field elementor-size-sm  elementor-field-textual\" placeholder=\"Tel\u00e9fono o WhatsApp*\" required=\"required\" pattern=\"[0-9()#&amp;+*-=.]+\" title=\"Solo se aceptan n\u00fameros y caracteres telef\u00f3nicos (#, -, *, etc.).\">\n\n\t\t\t\t\t\t<\/div>\n\t\t\t\t\t\t\t\t<div class=\"elementor-field-type-text elementor-field-group elementor-column elementor-field-group-field_e938ea6 elementor-col-50 elementor-field-required\">\n\t\t\t\t\t\t\t\t\t\t\t\t\t<input size=\"1\" type=\"text\" name=\"form_fields[field_e938ea6]\" id=\"form-field-field_e938ea6\" class=\"elementor-field elementor-size-sm  elementor-field-textual\" placeholder=\"Servicio de inter\u00e9s*\" required=\"required\">\n\t\t\t\t\t\t\t\t\t\t\t<\/div>\n\t\t\t\t\t\t\t\t<div class=\"elementor-field-type-email elementor-field-group elementor-column elementor-field-group-field_8f095c2 elementor-col-50 elementor-field-required\">\n\t\t\t\t\t\t\t\t\t\t\t\t\t<input size=\"1\" type=\"email\" name=\"form_fields[field_8f095c2]\" id=\"form-field-field_8f095c2\" class=\"elementor-field elementor-size-sm  elementor-field-textual\" placeholder=\"Correo electr\u00f3nico*\" required=\"required\">\n\t\t\t\t\t\t\t\t\t\t\t<\/div>\n\t\t\t\t\t\t\t\t<div class=\"elementor-field-type-textarea elementor-field-group elementor-column elementor-field-group-message elementor-col-100 elementor-field-required\">\n\t\t\t\t\t<textarea class=\"elementor-field-textual elementor-field  elementor-size-sm\" name=\"form_fields[message]\" id=\"form-field-message\" rows=\"3\" placeholder=\"Mensaje*\" required=\"required\"><\/textarea>\t\t\t\t<\/div>\n\t\t\t\t\t\t\t\t<div class=\"elementor-field-type-acceptance elementor-field-group elementor-column elementor-field-group-field_c040bb4 elementor-col-100 elementor-field-required\">\n\t\t\t\t\t\t\t<div class=\"elementor-field-subgroup\">\n\t\t\t<span class=\"elementor-field-option\">\n\t\t\t\t<input type=\"checkbox\" name=\"form_fields[field_c040bb4]\" id=\"form-field-field_c040bb4\" class=\"elementor-field elementor-size-sm  elementor-acceptance-field\" required=\"required\">\n\t\t\t\t<label for=\"form-field-field_c040bb4\">Acepto t\u00e9rminos y\u00a0 condiciones*<\/label>\t\t\t<\/span>\n\t\t<\/div>\n\t\t\t\t\t\t<\/div>\n\t\t\t\t\t\t\t\t<div class=\"elementor-field-group elementor-column elementor-field-type-submit elementor-col-100 e-form__buttons\">\n\t\t\t\t\t<button class=\"elementor-button elementor-size-sm\" type=\"submit\">\n\t\t\t\t\t\t<span class=\"elementor-button-content-wrapper\">\n\t\t\t\t\t\t\t\t\t\t\t\t\t\t\t\t\t\t\t\t\t\t<span class=\"elementor-button-text\">Enviar<\/span>\n\t\t\t\t\t\t\t\t\t\t\t\t\t<\/span>\n\t\t\t\t\t<\/button>\n\t\t\t\t<\/div>\n\t\t\t<\/div>\n\t\t<\/form>\n\t\t\t\t\t\t<\/div>\n\t\t\t\t<\/div>\n\t\t\t\t<\/div>\n\t\t\t\t\t<\/div>\n\t\t\t\t<\/div>\n\t\t<div class=\"elementor-element elementor-element-e704f6c e-con-full e-flex e-con e-parent\" data-id=\"e704f6c\" data-element_type=\"container\" data-e-type=\"container\" data-settings=\"{&quot;_ha_eqh_enable&quot;:false}\">\n\t\t\t\t<div class=\"elementor-element elementor-element-f454b30 elementor-widget elementor-widget-image\" data-id=\"f454b30\" data-element_type=\"widget\" data-e-type=\"widget\" data-widget_type=\"image.default\">\n\t\t\t\t\t\t\t\t\t\t\t\t\t\t\t<img decoding=\"async\" width=\"2560\" height=\"908\" src=\"https:\/\/cexca.com.co\/wp-content\/uploads\/2025\/09\/Group-535-3-scaled.jpg\" class=\"attachment-full size-full wp-image-202\" alt=\"\" srcset=\"https:\/\/cexca.com.co\/wp-content\/uploads\/2025\/09\/Group-535-3-scaled.jpg 2560w, https:\/\/cexca.com.co\/wp-content\/uploads\/2025\/09\/Group-535-3-300x106.jpg 300w, https:\/\/cexca.com.co\/wp-content\/uploads\/2025\/09\/Group-535-3-1024x363.jpg 1024w, https:\/\/cexca.com.co\/wp-content\/uploads\/2025\/09\/Group-535-3-768x272.jpg 768w, https:\/\/cexca.com.co\/wp-content\/uploads\/2025\/09\/Group-535-3-1536x545.jpg 1536w, https:\/\/cexca.com.co\/wp-content\/uploads\/2025\/09\/Group-535-3-2048x726.jpg 2048w\" sizes=\"(max-width: 2560px) 100vw, 2560px\" \/>\t\t\t\t\t\t\t\t\t\t\t\t\t\t\t<\/div>\n\t\t<div class=\"elementor-element elementor-element-62e6a9e e-flex e-con-boxed e-con e-child\" data-id=\"62e6a9e\" data-element_type=\"container\" data-e-type=\"container\" data-settings=\"{&quot;_ha_eqh_enable&quot;:false}\">\n\t\t\t\t\t<div class=\"e-con-inner\">\n\t\t<div class=\"elementor-element elementor-element-07a4391 e-con-full e-flex e-con e-child\" data-id=\"07a4391\" data-element_type=\"container\" data-e-type=\"container\" data-settings=\"{&quot;background_background&quot;:&quot;classic&quot;,&quot;_ha_eqh_enable&quot;:false}\">\n\t\t\t\t<div class=\"elementor-element elementor-element-171bb0c elementor-widget elementor-widget-text-editor\" data-id=\"171bb0c\" data-element_type=\"widget\" data-e-type=\"widget\" data-widget_type=\"text-editor.default\">\n\t\t\t\t\t\t\t\t\t<strong>Torre M\u00e9dica Salud Vegas<\/strong><br>\u2028Calle 2 sur # 46-116<br>\u2028Piso 13 Consultorio 1320<br>\u2028Medell\u00edn &#8211; Antioquia &#8211; Colombia.\t\t\t\t\t\t\t\t<\/div>\n\t\t\t\t<div class=\"elementor-element elementor-element-390a4b3 elementor-widget elementor-widget-text-editor\" data-id=\"390a4b3\" data-element_type=\"widget\" data-e-type=\"widget\" data-widget_type=\"text-editor.default\">\n\t\t\t\t\t\t\t\t\t<strong>Torre M\u00e9dica City M\u00e9dica\u2028<\/strong><br>Consultorio 320 de la torre 2<br>\u2028Rionegro &#8211; Antioquia &#8211; Colombia.\t\t\t\t\t\t\t\t<\/div>\n\t\t\t\t<\/div>\n\t\t\t\t\t<\/div>\n\t\t\t\t<\/div>\n\t\t\t\t<\/div>\n\t\t\t\t<\/div>\n\t\t","protected":false},"excerpt":{"rendered":"<p>Cu\u00e9ntanos en qu\u00e9 podemos ayudarte, y estaremos contigo en cada paso. Torre M\u00e9dica Salud Vegas\u2028Calle 2 sur # 46-116\u2028Piso 13 Consultorio 1320\u2028Medell\u00edn &#8211; Antioquia &#8211; Colombia.Torre M\u00e9dica City M\u00e9dica\u2028Consultorio 320 de la torre 2\u2028Rionegro &#8211; Antioquia &#8211; Colombia.<\/p>","protected":false},"author":1,"featured_media":0,"parent":0,"menu_order":0,"comment_status":"closed","ping_status":"closed","template":"","meta":{"_acf_changed":false,"footnotes":""},"class_list":["post-30","page","type-page","status-publish","hentry"],"acf":[],"yoast_head":"<!-- This site is optimized with the Yoast SEO plugin v27.1.1 - https:\/\/yoast.com\/product\/yoast-seo-wordpress\/ -->\n<title>Contacto - Cexca<\/title>\n<meta name=\"description\" content=\"\u00bfNecesitas atenci\u00f3n especializada? Cont\u00e1ctanos y agenda tu cita en Medell\u00edn o Rionegro. Atenci\u00f3n para pacientes de todo el pa\u00eds.\" \/>\n<meta name=\"robots\" content=\"index, follow, max-snippet:-1, max-image-preview:large, max-video-preview:-1\" \/>\n<link rel=\"canonical\" href=\"https:\/\/cexca.com.co\/en\/contacto\/\" \/>\n<meta property=\"og:locale\" content=\"en_US\" \/>\n<meta property=\"og:type\" content=\"article\" \/>\n<meta property=\"og:title\" content=\"Contacto - Cexca\" \/>\n<meta property=\"og:description\" content=\"\u00bfNecesitas atenci\u00f3n especializada? Cont\u00e1ctanos y agenda tu cita en Medell\u00edn o Rionegro. Atenci\u00f3n para pacientes de todo el pa\u00eds.\" \/>\n<meta property=\"og:url\" content=\"https:\/\/cexca.com.co\/en\/contacto\/\" \/>\n<meta property=\"og:site_name\" content=\"Cexca\" \/>\n<meta property=\"article:modified_time\" content=\"2025-11-21T22:17:55+00:00\" \/>\n<meta property=\"og:image\" content=\"https:\/\/cexca.com.co\/wp-content\/uploads\/2025\/09\/banner-contacto.jpg\" \/>\n<meta name=\"twitter:card\" content=\"summary_large_image\" \/>\n<meta name=\"twitter:label1\" content=\"Est. reading time\" \/>\n\t<meta name=\"twitter:data1\" content=\"1 minute\" \/>\n<script type=\"application\/ld+json\" class=\"yoast-schema-graph\">{\"@context\":\"https:\/\/schema.org\",\"@graph\":[{\"@type\":\"WebPage\",\"@id\":\"https:\/\/cexca.com.co\/contacto\/\",\"url\":\"https:\/\/cexca.com.co\/contacto\/\",\"name\":\"Contacto - Cexca\",\"isPartOf\":{\"@id\":\"https:\/\/cexca.com.co\/#website\"},\"primaryImageOfPage\":{\"@id\":\"https:\/\/cexca.com.co\/contacto\/#primaryimage\"},\"image\":{\"@id\":\"https:\/\/cexca.com.co\/contacto\/#primaryimage\"},\"thumbnailUrl\":\"https:\/\/cexca.com.co\/wp-content\/uploads\/2025\/09\/banner-contacto.jpg\",\"datePublished\":\"2025-09-09T21:47:00+00:00\",\"dateModified\":\"2025-11-21T22:17:55+00:00\",\"description\":\"\u00bfNecesitas atenci\u00f3n especializada? Cont\u00e1ctanos y agenda tu cita en Medell\u00edn o Rionegro. Atenci\u00f3n para pacientes de todo el pa\u00eds.\",\"breadcrumb\":{\"@id\":\"https:\/\/cexca.com.co\/contacto\/#breadcrumb\"},\"inLanguage\":\"en-US\",\"potentialAction\":[{\"@type\":\"ReadAction\",\"target\":[\"https:\/\/cexca.com.co\/contacto\/\"]}]},{\"@type\":\"ImageObject\",\"inLanguage\":\"en-US\",\"@id\":\"https:\/\/cexca.com.co\/contacto\/#primaryimage\",\"url\":\"https:\/\/cexca.com.co\/wp-content\/uploads\/2025\/09\/banner-contacto.jpg\",\"contentUrl\":\"https:\/\/cexca.com.co\/wp-content\/uploads\/2025\/09\/banner-contacto.jpg\"},{\"@type\":\"BreadcrumbList\",\"@id\":\"https:\/\/cexca.com.co\/contacto\/#breadcrumb\",\"itemListElement\":[{\"@type\":\"ListItem\",\"position\":1,\"name\":\"Inicio\",\"item\":\"https:\/\/cexca.com.co\/\"},{\"@type\":\"ListItem\",\"position\":2,\"name\":\"Contacto\"}]},{\"@type\":\"WebSite\",\"@id\":\"https:\/\/cexca.com.co\/#website\",\"url\":\"https:\/\/cexca.com.co\/\",\"name\":\"Cexca\",\"description\":\"\",\"publisher\":{\"@id\":\"https:\/\/cexca.com.co\/#organization\"},\"potentialAction\":[{\"@type\":\"SearchAction\",\"target\":{\"@type\":\"EntryPoint\",\"urlTemplate\":\"https:\/\/cexca.com.co\/?s={search_term_string}\"},\"query-input\":{\"@type\":\"PropertyValueSpecification\",\"valueRequired\":true,\"valueName\":\"search_term_string\"}}],\"inLanguage\":\"en-US\"},{\"@type\":\"Organization\",\"@id\":\"https:\/\/cexca.com.co\/#organization\",\"name\":\"Cexca\",\"url\":\"https:\/\/cexca.com.co\/\",\"logo\":{\"@type\":\"ImageObject\",\"inLanguage\":\"en-US\",\"@id\":\"https:\/\/cexca.com.co\/#\/schema\/logo\/image\/\",\"url\":\"https:\/\/cexca.com.co\/wp-content\/uploads\/2025\/09\/Mesa-de-trabajo-8-1.png\",\"contentUrl\":\"https:\/\/cexca.com.co\/wp-content\/uploads\/2025\/09\/Mesa-de-trabajo-8-1.png\",\"width\":171,\"height\":140,\"caption\":\"Cexca\"},\"image\":{\"@id\":\"https:\/\/cexca.com.co\/#\/schema\/logo\/image\/\"},\"sameAs\":[\"https:\/\/www.instagram.com\/cexcacol\/\",\"https:\/\/www.linkedin.com\/company\/cexca\/\"]}]}<\/script>\n<!-- \/ Yoast SEO plugin. -->","yoast_head_json":{"title":"Contacto - Cexca","description":"\u00bfNecesitas atenci\u00f3n especializada? Cont\u00e1ctanos y agenda tu cita en Medell\u00edn o Rionegro. Atenci\u00f3n para pacientes de todo el pa\u00eds.","robots":{"index":"index","follow":"follow","max-snippet":"max-snippet:-1","max-image-preview":"max-image-preview:large","max-video-preview":"max-video-preview:-1"},"canonical":"https:\/\/cexca.com.co\/en\/contacto\/","og_locale":"en_US","og_type":"article","og_title":"Contacto - Cexca","og_description":"\u00bfNecesitas atenci\u00f3n especializada? Cont\u00e1ctanos y agenda tu cita en Medell\u00edn o Rionegro. Atenci\u00f3n para pacientes de todo el pa\u00eds.","og_url":"https:\/\/cexca.com.co\/en\/contacto\/","og_site_name":"Cexca","article_modified_time":"2025-11-21T22:17:55+00:00","og_image":[{"url":"https:\/\/cexca.com.co\/wp-content\/uploads\/2025\/09\/banner-contacto.jpg","type":"","width":"","height":""}],"twitter_card":"summary_large_image","twitter_misc":{"Est. reading time":"1 minute"},"schema":{"@context":"https:\/\/schema.org","@graph":[{"@type":"WebPage","@id":"https:\/\/cexca.com.co\/contacto\/","url":"https:\/\/cexca.com.co\/contacto\/","name":"Contacto - Cexca","isPartOf":{"@id":"https:\/\/cexca.com.co\/#website"},"primaryImageOfPage":{"@id":"https:\/\/cexca.com.co\/contacto\/#primaryimage"},"image":{"@id":"https:\/\/cexca.com.co\/contacto\/#primaryimage"},"thumbnailUrl":"https:\/\/cexca.com.co\/wp-content\/uploads\/2025\/09\/banner-contacto.jpg","datePublished":"2025-09-09T21:47:00+00:00","dateModified":"2025-11-21T22:17:55+00:00","description":"\u00bfNecesitas atenci\u00f3n especializada? Cont\u00e1ctanos y agenda tu cita en Medell\u00edn o Rionegro. Atenci\u00f3n para pacientes de todo el pa\u00eds.","breadcrumb":{"@id":"https:\/\/cexca.com.co\/contacto\/#breadcrumb"},"inLanguage":"en-US","potentialAction":[{"@type":"ReadAction","target":["https:\/\/cexca.com.co\/contacto\/"]}]},{"@type":"ImageObject","inLanguage":"en-US","@id":"https:\/\/cexca.com.co\/contacto\/#primaryimage","url":"https:\/\/cexca.com.co\/wp-content\/uploads\/2025\/09\/banner-contacto.jpg","contentUrl":"https:\/\/cexca.com.co\/wp-content\/uploads\/2025\/09\/banner-contacto.jpg"},{"@type":"BreadcrumbList","@id":"https:\/\/cexca.com.co\/contacto\/#breadcrumb","itemListElement":[{"@type":"ListItem","position":1,"name":"Inicio","item":"https:\/\/cexca.com.co\/"},{"@type":"ListItem","position":2,"name":"Contacto"}]},{"@type":"WebSite","@id":"https:\/\/cexca.com.co\/#website","url":"https:\/\/cexca.com.co\/","name":"Cexca","description":"","publisher":{"@id":"https:\/\/cexca.com.co\/#organization"},"potentialAction":[{"@type":"SearchAction","target":{"@type":"EntryPoint","urlTemplate":"https:\/\/cexca.com.co\/?s={search_term_string}"},"query-input":{"@type":"PropertyValueSpecification","valueRequired":true,"valueName":"search_term_string"}}],"inLanguage":"en-US"},{"@type":"Organization","@id":"https:\/\/cexca.com.co\/#organization","name":"Cexca","url":"https:\/\/cexca.com.co\/","logo":{"@type":"ImageObject","inLanguage":"en-US","@id":"https:\/\/cexca.com.co\/#\/schema\/logo\/image\/","url":"https:\/\/cexca.com.co\/wp-content\/uploads\/2025\/09\/Mesa-de-trabajo-8-1.png","contentUrl":"https:\/\/cexca.com.co\/wp-content\/uploads\/2025\/09\/Mesa-de-trabajo-8-1.png","width":171,"height":140,"caption":"Cexca"},"image":{"@id":"https:\/\/cexca.com.co\/#\/schema\/logo\/image\/"},"sameAs":["https:\/\/www.instagram.com\/cexcacol\/","https:\/\/www.linkedin.com\/company\/cexca\/"]}]}},"_links":{"self":[{"href":"https:\/\/cexca.com.co\/en\/wp-json\/wp\/v2\/pages\/30","targetHints":{"allow":["GET"]}}],"collection":[{"href":"https:\/\/cexca.com.co\/en\/wp-json\/wp\/v2\/pages"}],"about":[{"href":"https:\/\/cexca.com.co\/en\/wp-json\/wp\/v2\/types\/page"}],"author":[{"embeddable":true,"href":"https:\/\/cexca.com.co\/en\/wp-json\/wp\/v2\/users\/1"}],"replies":[{"embeddable":true,"href":"https:\/\/cexca.com.co\/en\/wp-json\/wp\/v2\/comments?post=30"}],"version-history":[{"count":13,"href":"https:\/\/cexca.com.co\/en\/wp-json\/wp\/v2\/pages\/30\/revisions"}],"predecessor-version":[{"id":718,"href":"https:\/\/cexca.com.co\/en\/wp-json\/wp\/v2\/pages\/30\/revisions\/718"}],"wp:attachment":[{"href":"https:\/\/cexca.com.co\/en\/wp-json\/wp\/v2\/media?parent=30"}],"curies":[{"name":"wp","href":"https:\/\/api.w.org\/{rel}","templated":true}]}}