{"id":325,"date":"2025-09-16T15:56:20","date_gmt":"2025-09-16T20:56:20","guid":{"rendered":"https:\/\/cexca.com.co\/?page_id=325"},"modified":"2025-09-16T16:00:34","modified_gmt":"2025-09-16T21:00:34","slug":"peritaje-medico","status":"publish","type":"page","link":"https:\/\/cexca.com.co\/en\/peritaje-medico\/","title":{"rendered":"Medical examination"},"content":{"rendered":"<div data-elementor-type=\"wp-page\" data-elementor-id=\"325\" class=\"elementor elementor-325\" data-elementor-settings=\"{&quot;ha_cmc_init_switcher&quot;:&quot;no&quot;}\" data-elementor-post-type=\"page\">\n\t\t\t\t<div class=\"elementor-element elementor-element-44131590 e-flex e-con-boxed e-con e-parent\" data-id=\"44131590\" data-element_type=\"container\" data-e-type=\"container\" data-settings=\"{&quot;background_background&quot;:&quot;classic&quot;,&quot;_ha_eqh_enable&quot;:false}\">\n\t\t\t\t\t<div class=\"e-con-inner\">\n\t\t\t\t<div class=\"elementor-element elementor-element-9c12793 elementor-widget__width-initial elementor-widget elementor-widget-heading\" data-id=\"9c12793\" data-element_type=\"widget\" data-e-type=\"widget\" data-widget_type=\"heading.default\">\n\t\t\t\t\t<h2 class=\"elementor-heading-title elementor-size-default\">MEDICAL EXPERT OPINION<\/h2>\t\t\t\t<\/div>\n\t\t\t\t\t<\/div>\n\t\t\t\t<\/div>\n\t\t<div class=\"elementor-element elementor-element-58944ae5 e-flex e-con-boxed e-con e-parent\" data-id=\"58944ae5\" data-element_type=\"container\" data-e-type=\"container\" data-settings=\"{&quot;_ha_eqh_enable&quot;:false}\">\n\t\t\t\t\t<div class=\"e-con-inner\">\n\t\t<div class=\"elementor-element elementor-element-17ada117 e-con-full e-flex e-con e-child\" data-id=\"17ada117\" data-element_type=\"container\" data-e-type=\"container\" data-settings=\"{&quot;_ha_eqh_enable&quot;:false}\">\n\t\t\t\t<div class=\"elementor-element elementor-element-5c59ea03 elementor-widget elementor-widget-text-editor\" data-id=\"5c59ea03\" data-element_type=\"widget\" data-e-type=\"widget\" data-widget_type=\"text-editor.default\">\n\t\t\t\t\t\t\t\t\t<p>MEDICAL EXPERT OPINION<\/p>\t\t\t\t\t\t\t\t<\/div>\n\t\t\t\t<div class=\"elementor-element elementor-element-111954b1 elementor-widget elementor-widget-text-editor\" data-id=\"111954b1\" data-element_type=\"widget\" data-e-type=\"widget\" data-widget_type=\"text-editor.default\">\n\t\t\t\t\t\t\t\t\t<p>It consists of a report prepared by a medical expert in a specific field, in this case head and neck diseases. This report is prepared at the request of interested parties (patients, doctors, institutions, universities, judges, among others) in order to supplement or clarify doubts about a specific procedure or diagnosis.<\/p>\t\t\t\t\t\t\t\t<\/div>\n\t\t\t\t<\/div>\n\t\t<div class=\"elementor-element elementor-element-59e8366d e-con-full elementor-hidden-mobile elementor-hidden-tablet e-flex e-con e-child\" data-id=\"59e8366d\" data-element_type=\"container\" data-e-type=\"container\" data-settings=\"{&quot;_ha_eqh_enable&quot;:false}\">\n\t\t\t\t<div class=\"elementor-element elementor-element-75464a02 elementor-widget elementor-widget-image\" data-id=\"75464a02\" data-element_type=\"widget\" data-e-type=\"widget\" data-settings=\"{&quot;motion_fx_motion_fx_mouse&quot;:&quot;yes&quot;,&quot;motion_fx_mouseTrack_effect&quot;:&quot;yes&quot;,&quot;motion_fx_mouseTrack_speed&quot;:{&quot;unit&quot;:&quot;px&quot;,&quot;size&quot;:0.8,&quot;sizes&quot;:[]},&quot;motion_fx_tilt_effect&quot;:&quot;yes&quot;,&quot;motion_fx_tilt_direction&quot;:&quot;negative&quot;,&quot;motion_fx_tilt_speed&quot;:{&quot;unit&quot;:&quot;px&quot;,&quot;size&quot;:3,&quot;sizes&quot;:[]}}\" data-widget_type=\"image.default\">\n\t\t\t\t\t\t\t\t\t\t\t\t\t\t\t<img fetchpriority=\"high\" decoding=\"async\" width=\"470\" height=\"312\" src=\"https:\/\/cexca.com.co\/wp-content\/uploads\/2025\/09\/image-42.png\" class=\"attachment-large size-large wp-image-328\" alt=\"\" srcset=\"https:\/\/cexca.com.co\/wp-content\/uploads\/2025\/09\/image-42.png 470w, https:\/\/cexca.com.co\/wp-content\/uploads\/2025\/09\/image-42-300x199.png 300w\" sizes=\"(max-width: 470px) 100vw, 470px\" \/>\t\t\t\t\t\t\t\t\t\t\t\t\t\t\t<\/div>\n\t\t\t\t<div class=\"elementor-element elementor-element-4a07e419 elementor-widget__width-initial elementor-absolute elementor-view-default elementor-widget elementor-widget-icon\" data-id=\"4a07e419\" data-element_type=\"widget\" data-e-type=\"widget\" data-settings=\"{&quot;_position&quot;:&quot;absolute&quot;,&quot;motion_fx_motion_fx_mouse&quot;:&quot;yes&quot;,&quot;motion_fx_mouseTrack_effect&quot;:&quot;yes&quot;,&quot;motion_fx_mouseTrack_direction&quot;:&quot;negative&quot;,&quot;motion_fx_mouseTrack_speed&quot;:{&quot;unit&quot;:&quot;px&quot;,&quot;size&quot;:3,&quot;sizes&quot;:[]}}\" data-widget_type=\"icon.default\">\n\t\t\t\t\t\t\t<div class=\"elementor-icon-wrapper\">\n\t\t\t<div class=\"elementor-icon\">\n\t\t\t<svg xmlns=\"http:\/\/www.w3.org\/2000\/svg\" width=\"55\" height=\"55\" viewbox=\"0 0 55 55\" fill=\"none\"><circle cx=\"27.127\" cy=\"27.127\" r=\"27.127\" fill=\"#00AECB\"><\/circle><path d=\"M27.8806 13.5636V42.1976\" stroke=\"white\" stroke-width=\"2\" stroke-linecap=\"round\"><\/path><path d=\"M42.1977 27.8806L13.5636 27.8806\" stroke=\"white\" stroke-width=\"2\" stroke-linecap=\"round\"><\/path><\/svg>\t\t\t<\/div>\n\t\t<\/div>\n\t\t\t\t\t\t<\/div>\n\t\t\t\t<div class=\"elementor-element elementor-element-343fb04a elementor-widget__width-initial elementor-absolute elementor-view-default ha-has-bg-overlay elementor-widget elementor-widget-icon\" data-id=\"343fb04a\" data-element_type=\"widget\" data-e-type=\"widget\" data-settings=\"{&quot;_position&quot;:&quot;absolute&quot;,&quot;motion_fx_motion_fx_mouse&quot;:&quot;yes&quot;,&quot;motion_fx_mouseTrack_effect&quot;:&quot;yes&quot;,&quot;motion_fx_tilt_effect&quot;:&quot;yes&quot;,&quot;motion_fx_tilt_direction&quot;:&quot;negative&quot;,&quot;motion_fx_tilt_speed&quot;:{&quot;unit&quot;:&quot;px&quot;,&quot;size&quot;:2,&quot;sizes&quot;:[]},&quot;motion_fx_mouseTrack_direction&quot;:&quot;negative&quot;,&quot;motion_fx_mouseTrack_speed&quot;:{&quot;unit&quot;:&quot;px&quot;,&quot;size&quot;:1.5,&quot;sizes&quot;:[]}}\" data-widget_type=\"icon.default\">\n\t\t\t\t\t\t\t<div class=\"elementor-icon-wrapper\">\n\t\t\t<div class=\"elementor-icon\">\n\t\t\t<svg xmlns=\"http:\/\/www.w3.org\/2000\/svg\" width=\"138\" height=\"142\" viewbox=\"0 0 138 142\" fill=\"none\"><mask id=\"mask0_293_1496\" style=\"mask-type:alpha\" maskunits=\"userSpaceOnUse\" x=\"0\" y=\"0\" width=\"138\" height=\"142\"><rect width=\"138\" height=\"142\" fill=\"#D9D9D9\"><\/rect><\/mask><g mask=\"url(#mask0_293_1496)\"><g filter=\"url(#filter0_d_293_1496)\"><g filter=\"url(#filter1_d_293_1496)\"><ellipse cx=\"69.0505\" cy=\"69.1252\" rx=\"69.0505\" ry=\"69.1252\" fill=\"white\"><\/ellipse><\/g><\/g><g clip-path=\"url(#clip0_293_1496)\"><path d=\"M88.648 90.3667C87.9513 89.6841 86.8332 89.6956 86.1504 90.3922L86.1003 90.4434C85.4177 91.1401 85.4292 92.2582 86.1259 92.941C86.4696 93.2778 86.9158 93.4456 87.3618 93.4456C87.8197 93.4456 88.2775 93.2684 88.6235 92.9155L88.6736 92.8643C89.3562 92.1676 89.3447 91.0495 88.648 90.3667Z\" fill=\"#014860\"><\/path><path d=\"M107.646 71.8512H102.953V67.1581C102.953 66.1826 102.162 65.392 101.187 65.392C100.212 65.392 99.4209 66.1826 99.4209 67.1581V71.8512H94.7278C93.7523 71.8512 92.9617 72.6419 92.9617 73.6173C92.9617 74.5927 93.7523 75.3834 94.7278 75.3834H99.4209V80.0766C99.4209 81.052 100.212 81.8427 101.187 81.8427C102.162 81.8427 102.953 81.052 102.953 80.0766V75.3834H107.646C108.622 75.3834 109.412 74.5927 109.412 73.6173C109.412 72.6419 108.622 71.8512 107.646 71.8512Z\" fill=\"#014860\"><\/path><path d=\"M106.961 59.1886C105.312 46.9973 95.1198 37.8759 83.0227 37.8759C76.9161 37.8759 71.2037 40.1522 66.7484 44.3245C62.2929 40.1522 56.5805 37.8759 50.4741 37.8759C37.1473 37.8759 26.3051 48.9762 26.3051 62.6205C26.3051 65.3162 27.0915 68.3378 28.6561 71.6732H28.0712C27.0958 71.6732 26.3051 72.4639 26.3051 73.4393C26.3051 74.4147 27.0958 75.2054 28.0712 75.2054H30.537C33.8355 80.7898 39.0518 87.1401 46.1645 94.2125C55.8038 103.797 65.578 111.296 65.6757 111.371C65.9922 111.613 66.3703 111.734 66.7484 111.734C67.1265 111.734 67.5045 111.613 67.8211 111.371C67.8957 111.314 75.3711 105.581 83.6555 97.7705C84.3653 97.1013 84.3981 95.9836 83.729 95.2739C83.06 94.5643 81.9422 94.5313 81.2324 95.2005C74.9144 101.157 69.0816 105.88 66.7486 107.726C63.9762 105.532 56.258 99.2708 48.6298 91.6828C42.5227 85.6076 37.8475 80.0713 34.6867 75.2054H50.4978C51.2856 75.2054 51.9781 74.6835 52.1953 73.9264L55.281 63.1706L63.8261 90.5481C64.0564 91.2856 64.7393 91.788 65.512 91.788C66.2846 91.788 66.9676 91.2856 67.1977 90.5481L71.9299 75.3822H79.8144C80.7898 75.3822 81.5805 74.5915 81.5805 73.6161C81.5805 72.6407 80.7898 71.85 79.8144 71.85H70.631C69.8583 71.85 69.1752 72.3523 68.9451 73.09L65.5114 84.0936L56.8954 56.4886C56.663 55.7439 55.9711 55.238 55.189 55.2488C54.409 55.2578 53.7271 55.7778 53.5118 56.5278L49.1667 71.6734H32.5966C30.771 68.2267 29.8373 65.1889 29.8373 62.6205C29.8373 50.9239 39.0949 41.408 50.4741 41.408C56.1934 41.408 61.5121 43.759 65.4503 48.0277C65.7848 48.3901 66.2553 48.5962 66.7484 48.5962C67.2415 48.5962 67.7122 48.3901 68.0465 48.0277C71.9847 43.759 77.3034 41.408 83.0227 41.408C92.861 41.408 101.225 48.5031 103.213 58.2079C102.55 58.1212 101.874 58.0758 101.187 58.0758C92.6173 58.0758 85.6453 65.0478 85.6453 73.6173C85.6453 82.1869 92.6173 89.1589 101.187 89.1589C109.756 89.1589 116.728 82.1869 116.728 73.6173C116.729 67.0871 112.68 61.4854 106.961 59.1886ZM101.187 85.6267C94.5651 85.6267 89.1777 80.2393 89.1777 73.6173C89.1777 66.9954 94.5651 61.608 101.187 61.608C107.809 61.608 113.196 66.9954 113.196 73.6173C113.196 80.2393 107.809 85.6267 101.187 85.6267Z\" fill=\"#014860\"><\/path><\/g><\/g><defs><filter id=\"filter0_d_293_1496\" x=\"-3.4\" y=\"0\" width=\"144.901\" height=\"145.05\" filterunits=\"userSpaceOnUse\" color-interpolation-filters=\"sRGB\"><\/filter><filter id=\"filter1_d_293_1496\" x=\"-2.38\" y=\"-2.38\" width=\"144.051\" height=\"144.2\" filterunits=\"userSpaceOnUse\" color-interpolation-filters=\"sRGB\"><\/filter><clippath id=\"clip0_293_1496\"><rect width=\"90.4233\" height=\"90.4233\" fill=\"white\" transform=\"translate(26.3051 29.5931)\"><\/rect><\/clippath><\/defs><\/svg>\t\t\t<\/div>\n\t\t<\/div>\n\t\t\t\t\t\t<\/div>\n\t\t\t\t<div class=\"elementor-element elementor-element-5568366 elementor-widget__width-initial elementor-absolute elementor-view-default elementor-widget elementor-widget-icon\" data-id=\"5568366\" data-element_type=\"widget\" data-e-type=\"widget\" data-settings=\"{&quot;_position&quot;:&quot;absolute&quot;,&quot;motion_fx_motion_fx_mouse&quot;:&quot;yes&quot;,&quot;motion_fx_mouseTrack_effect&quot;:&quot;yes&quot;,&quot;motion_fx_mouseTrack_speed&quot;:{&quot;unit&quot;:&quot;px&quot;,&quot;size&quot;:2.5,&quot;sizes&quot;:[]}}\" data-widget_type=\"icon.default\">\n\t\t\t\t\t\t\t<div class=\"elementor-icon-wrapper\">\n\t\t\t<div class=\"elementor-icon\">\n\t\t\t<svg xmlns=\"http:\/\/www.w3.org\/2000\/svg\" width=\"55\" height=\"55\" viewbox=\"0 0 55 55\" fill=\"none\"><circle cx=\"27.127\" cy=\"27.127\" r=\"27.127\" fill=\"#00AECB\"><\/circle><path d=\"M27.8806 13.5636V42.1976\" stroke=\"white\" stroke-width=\"2\" stroke-linecap=\"round\"><\/path><path d=\"M42.1977 27.8806L13.5636 27.8806\" stroke=\"white\" stroke-width=\"2\" stroke-linecap=\"round\"><\/path><\/svg>\t\t\t<\/div>\n\t\t<\/div>\n\t\t\t\t\t\t<\/div>\n\t\t\t\t<\/div>\n\t\t<div class=\"elementor-element elementor-element-36b55725 e-con-full elementor-hidden-desktop e-flex e-con e-child\" data-id=\"36b55725\" data-element_type=\"container\" data-e-type=\"container\" data-settings=\"{&quot;_ha_eqh_enable&quot;:false}\">\n\t\t\t\t<div class=\"elementor-element elementor-element-73fa05e elementor-widget elementor-widget-image\" data-id=\"73fa05e\" data-element_type=\"widget\" data-e-type=\"widget\" data-widget_type=\"image.default\">\n\t\t\t\t\t\t\t\t\t\t\t\t\t\t\t<img decoding=\"async\" width=\"500\" height=\"438\" src=\"https:\/\/cexca.com.co\/wp-content\/uploads\/2025\/09\/Group-548.png\" class=\"attachment-large size-large wp-image-329\" alt=\"\" srcset=\"https:\/\/cexca.com.co\/wp-content\/uploads\/2025\/09\/Group-548.png 500w, https:\/\/cexca.com.co\/wp-content\/uploads\/2025\/09\/Group-548-300x263.png 300w\" sizes=\"(max-width: 500px) 100vw, 500px\" \/>\t\t\t\t\t\t\t\t\t\t\t\t\t\t\t<\/div>\n\t\t\t\t<\/div>\n\t\t\t\t\t<\/div>\n\t\t\t\t<\/div>\n\t\t\t\t<\/div>","protected":false},"excerpt":{"rendered":"<p>PERITAJE M\u00c9DICO PERITAJE M\u00c9DICO Consiste en la realizaci\u00f3n de un informe por un m\u00e9dico experto en un \u00e1rea determinada en este caso en enfermedades de cabeza y cuello, este se realiza a petici\u00f3n de los interesados (pacientes, m\u00e9dicos, entidades, universidades, jueces, entre otros) con el fin de complementar o aclarar dudas sobre determinado procedimiento o [&hellip;]<\/p>\n","protected":false},"author":1,"featured_media":0,"parent":0,"menu_order":0,"comment_status":"closed","ping_status":"closed","template":"","meta":{"_acf_changed":false,"footnotes":""},"class_list":["post-325","page","type-page","status-publish","hentry"],"acf":[],"yoast_head":"<!-- This site is optimized with the Yoast SEO plugin v27.1.1 - https:\/\/yoast.com\/product\/yoast-seo-wordpress\/ -->\n<title>Peritaje m\u00e9dico - Cexca<\/title>\n<meta name=\"robots\" content=\"index, follow, max-snippet:-1, max-image-preview:large, max-video-preview:-1\" \/>\n<link rel=\"canonical\" href=\"https:\/\/cexca.com.co\/en\/peritaje-medico\/\" \/>\n<meta property=\"og:locale\" content=\"en_US\" \/>\n<meta property=\"og:type\" content=\"article\" \/>\n<meta property=\"og:title\" content=\"Peritaje m\u00e9dico - Cexca\" \/>\n<meta property=\"og:description\" content=\"PERITAJE M\u00c9DICO PERITAJE M\u00c9DICO Consiste en la realizaci\u00f3n de un informe por un m\u00e9dico experto en un \u00e1rea determinada en este caso en enfermedades de cabeza y cuello, este se realiza a petici\u00f3n de los interesados (pacientes, m\u00e9dicos, entidades, universidades, jueces, entre otros) con el fin de complementar o aclarar dudas sobre determinado procedimiento o [&hellip;]\" \/>\n<meta property=\"og:url\" content=\"https:\/\/cexca.com.co\/en\/peritaje-medico\/\" \/>\n<meta property=\"og:site_name\" content=\"Cexca\" \/>\n<meta property=\"article:modified_time\" content=\"2025-09-16T21:00:34+00:00\" \/>\n<meta property=\"og:image\" content=\"https:\/\/cexca.com.co\/wp-content\/uploads\/2025\/09\/image-42.png\" \/>\n<meta name=\"twitter:card\" content=\"summary_large_image\" \/>\n<script type=\"application\/ld+json\" class=\"yoast-schema-graph\">{\"@context\":\"https:\/\/schema.org\",\"@graph\":[{\"@type\":\"WebPage\",\"@id\":\"https:\/\/cexca.com.co\/peritaje-medico\/\",\"url\":\"https:\/\/cexca.com.co\/peritaje-medico\/\",\"name\":\"Peritaje m\u00e9dico - Cexca\",\"isPartOf\":{\"@id\":\"https:\/\/cexca.com.co\/#website\"},\"primaryImageOfPage\":{\"@id\":\"https:\/\/cexca.com.co\/peritaje-medico\/#primaryimage\"},\"image\":{\"@id\":\"https:\/\/cexca.com.co\/peritaje-medico\/#primaryimage\"},\"thumbnailUrl\":\"https:\/\/cexca.com.co\/wp-content\/uploads\/2025\/09\/image-42.png\",\"datePublished\":\"2025-09-16T20:56:20+00:00\",\"dateModified\":\"2025-09-16T21:00:34+00:00\",\"breadcrumb\":{\"@id\":\"https:\/\/cexca.com.co\/peritaje-medico\/#breadcrumb\"},\"inLanguage\":\"en-US\",\"potentialAction\":[{\"@type\":\"ReadAction\",\"target\":[\"https:\/\/cexca.com.co\/peritaje-medico\/\"]}]},{\"@type\":\"ImageObject\",\"inLanguage\":\"en-US\",\"@id\":\"https:\/\/cexca.com.co\/peritaje-medico\/#primaryimage\",\"url\":\"https:\/\/cexca.com.co\/wp-content\/uploads\/2025\/09\/image-42.png\",\"contentUrl\":\"https:\/\/cexca.com.co\/wp-content\/uploads\/2025\/09\/image-42.png\"},{\"@type\":\"BreadcrumbList\",\"@id\":\"https:\/\/cexca.com.co\/peritaje-medico\/#breadcrumb\",\"itemListElement\":[{\"@type\":\"ListItem\",\"position\":1,\"name\":\"Inicio\",\"item\":\"https:\/\/cexca.com.co\/\"},{\"@type\":\"ListItem\",\"position\":2,\"name\":\"Peritaje m\u00e9dico\"}]},{\"@type\":\"WebSite\",\"@id\":\"https:\/\/cexca.com.co\/#website\",\"url\":\"https:\/\/cexca.com.co\/\",\"name\":\"Cexca\",\"description\":\"\",\"publisher\":{\"@id\":\"https:\/\/cexca.com.co\/#organization\"},\"potentialAction\":[{\"@type\":\"SearchAction\",\"target\":{\"@type\":\"EntryPoint\",\"urlTemplate\":\"https:\/\/cexca.com.co\/?s={search_term_string}\"},\"query-input\":{\"@type\":\"PropertyValueSpecification\",\"valueRequired\":true,\"valueName\":\"search_term_string\"}}],\"inLanguage\":\"en-US\"},{\"@type\":\"Organization\",\"@id\":\"https:\/\/cexca.com.co\/#organization\",\"name\":\"Cexca\",\"url\":\"https:\/\/cexca.com.co\/\",\"logo\":{\"@type\":\"ImageObject\",\"inLanguage\":\"en-US\",\"@id\":\"https:\/\/cexca.com.co\/#\/schema\/logo\/image\/\",\"url\":\"https:\/\/cexca.com.co\/wp-content\/uploads\/2025\/09\/Mesa-de-trabajo-8-1.png\",\"contentUrl\":\"https:\/\/cexca.com.co\/wp-content\/uploads\/2025\/09\/Mesa-de-trabajo-8-1.png\",\"width\":171,\"height\":140,\"caption\":\"Cexca\"},\"image\":{\"@id\":\"https:\/\/cexca.com.co\/#\/schema\/logo\/image\/\"},\"sameAs\":[\"https:\/\/www.instagram.com\/cexcacol\/\",\"https:\/\/www.linkedin.com\/company\/cexca\/\"]}]}<\/script>\n<!-- \/ Yoast SEO plugin. -->","yoast_head_json":{"title":"Peritaje m\u00e9dico - Cexca","robots":{"index":"index","follow":"follow","max-snippet":"max-snippet:-1","max-image-preview":"max-image-preview:large","max-video-preview":"max-video-preview:-1"},"canonical":"https:\/\/cexca.com.co\/en\/peritaje-medico\/","og_locale":"en_US","og_type":"article","og_title":"Peritaje m\u00e9dico - Cexca","og_description":"PERITAJE M\u00c9DICO PERITAJE M\u00c9DICO Consiste en la realizaci\u00f3n de un informe por un m\u00e9dico experto en un \u00e1rea determinada en este caso en enfermedades de cabeza y cuello, este se realiza a petici\u00f3n de los interesados (pacientes, m\u00e9dicos, entidades, universidades, jueces, entre otros) con el fin de complementar o aclarar dudas sobre determinado procedimiento o [&hellip;]","og_url":"https:\/\/cexca.com.co\/en\/peritaje-medico\/","og_site_name":"Cexca","article_modified_time":"2025-09-16T21:00:34+00:00","og_image":[{"url":"https:\/\/cexca.com.co\/wp-content\/uploads\/2025\/09\/image-42.png","type":"","width":"","height":""}],"twitter_card":"summary_large_image","schema":{"@context":"https:\/\/schema.org","@graph":[{"@type":"WebPage","@id":"https:\/\/cexca.com.co\/peritaje-medico\/","url":"https:\/\/cexca.com.co\/peritaje-medico\/","name":"Peritaje m\u00e9dico - Cexca","isPartOf":{"@id":"https:\/\/cexca.com.co\/#website"},"primaryImageOfPage":{"@id":"https:\/\/cexca.com.co\/peritaje-medico\/#primaryimage"},"image":{"@id":"https:\/\/cexca.com.co\/peritaje-medico\/#primaryimage"},"thumbnailUrl":"https:\/\/cexca.com.co\/wp-content\/uploads\/2025\/09\/image-42.png","datePublished":"2025-09-16T20:56:20+00:00","dateModified":"2025-09-16T21:00:34+00:00","breadcrumb":{"@id":"https:\/\/cexca.com.co\/peritaje-medico\/#breadcrumb"},"inLanguage":"en-US","potentialAction":[{"@type":"ReadAction","target":["https:\/\/cexca.com.co\/peritaje-medico\/"]}]},{"@type":"ImageObject","inLanguage":"en-US","@id":"https:\/\/cexca.com.co\/peritaje-medico\/#primaryimage","url":"https:\/\/cexca.com.co\/wp-content\/uploads\/2025\/09\/image-42.png","contentUrl":"https:\/\/cexca.com.co\/wp-content\/uploads\/2025\/09\/image-42.png"},{"@type":"BreadcrumbList","@id":"https:\/\/cexca.com.co\/peritaje-medico\/#breadcrumb","itemListElement":[{"@type":"ListItem","position":1,"name":"Inicio","item":"https:\/\/cexca.com.co\/"},{"@type":"ListItem","position":2,"name":"Peritaje m\u00e9dico"}]},{"@type":"WebSite","@id":"https:\/\/cexca.com.co\/#website","url":"https:\/\/cexca.com.co\/","name":"Cexca","description":"","publisher":{"@id":"https:\/\/cexca.com.co\/#organization"},"potentialAction":[{"@type":"SearchAction","target":{"@type":"EntryPoint","urlTemplate":"https:\/\/cexca.com.co\/?s={search_term_string}"},"query-input":{"@type":"PropertyValueSpecification","valueRequired":true,"valueName":"search_term_string"}}],"inLanguage":"en-US"},{"@type":"Organization","@id":"https:\/\/cexca.com.co\/#organization","name":"Cexca","url":"https:\/\/cexca.com.co\/","logo":{"@type":"ImageObject","inLanguage":"en-US","@id":"https:\/\/cexca.com.co\/#\/schema\/logo\/image\/","url":"https:\/\/cexca.com.co\/wp-content\/uploads\/2025\/09\/Mesa-de-trabajo-8-1.png","contentUrl":"https:\/\/cexca.com.co\/wp-content\/uploads\/2025\/09\/Mesa-de-trabajo-8-1.png","width":171,"height":140,"caption":"Cexca"},"image":{"@id":"https:\/\/cexca.com.co\/#\/schema\/logo\/image\/"},"sameAs":["https:\/\/www.instagram.com\/cexcacol\/","https:\/\/www.linkedin.com\/company\/cexca\/"]}]}},"_links":{"self":[{"href":"https:\/\/cexca.com.co\/en\/wp-json\/wp\/v2\/pages\/325","targetHints":{"allow":["GET"]}}],"collection":[{"href":"https:\/\/cexca.com.co\/en\/wp-json\/wp\/v2\/pages"}],"about":[{"href":"https:\/\/cexca.com.co\/en\/wp-json\/wp\/v2\/types\/page"}],"author":[{"embeddable":true,"href":"https:\/\/cexca.com.co\/en\/wp-json\/wp\/v2\/users\/1"}],"replies":[{"embeddable":true,"href":"https:\/\/cexca.com.co\/en\/wp-json\/wp\/v2\/comments?post=325"}],"version-history":[{"count":7,"href":"https:\/\/cexca.com.co\/en\/wp-json\/wp\/v2\/pages\/325\/revisions"}],"predecessor-version":[{"id":335,"href":"https:\/\/cexca.com.co\/en\/wp-json\/wp\/v2\/pages\/325\/revisions\/335"}],"wp:attachment":[{"href":"https:\/\/cexca.com.co\/en\/wp-json\/wp\/v2\/media?parent=325"}],"curies":[{"name":"wp","href":"https:\/\/api.w.org\/{rel}","templated":true}]}}